{"id":26973,"date":"2023-03-21T15:25:31","date_gmt":"2023-03-21T07:25:31","guid":{"rendered":"https:\/\/www.ajfloor.com\/sobre-nosotros\/"},"modified":"2026-03-02T14:11:45","modified_gmt":"2026-03-02T06:11:45","slug":"sobre-nosotros","status":"publish","type":"page","link":"https:\/\/www.ajfloor.com\/es\/sobre-nosotros\/","title":{"rendered":"About us"},"content":{"rendered":"\n<h2 id=\"gspb_heading-id-gsbp-30f0a504-5d90\" class=\"gspb_heading gspb_heading-id-gsbp-30f0a504-5d90 \">AJ FLOOR<br>Fabricante profesional de suelos SPC<span class=\"gspb_heading_subtitle\"><\/span><\/h2>\n\n<div id=\"gspb_row-id-gsbp-44e71b84-6224\" class=\"gspb_row gspb_row-id-gsbp-44e71b84-6224 wp-block-greenshift-blocks-row gspb_row-id-gsbp-44e71b84-6224\"><div class=\"gspb_row__content\"> \n<div id=\"gspb_col-id-gsbp-7dd08220-fc1a\" class=\"gspb_row__col--6 wp-block-greenshift-blocks-row-column  gspb_col-id-gsbp-7dd08220-fc1a\">\n<div id=\"gspb_image-id-gsbp-5043c382-3152\" class=\"gspb_image gspb_image-id-gsbp-5043c382-3152 wp-block-greenshift-blocks-image\"><img decoding=\"async\" loading=\"lazy\" src=\"https:\/\/www.ajfloor.com\/wp-content\/uploads\/2023\/03\/13.jpg\" data-src=\"\" alt=\"SPC Flooring Fabricante\" width=\"681\" height=\"383\" data-aos=\"fade-right\" data-aos-easing=\"ease\" data-aos-duration=\"700\"><\/div>\n<\/div>\n\n\n\n<div id=\"gspb_col-id-gsbp-f711d2c9-561a\" class=\"gspb_row__col--6 wp-block-greenshift-blocks-row-column  gspb_col-id-gsbp-f711d2c9-561a\">\n<div id=\"gspb_text-id-gsbp-86743c85-6c6a\" class=\"gspb_text gspb_text-id-gsbp-86743c85-6c6a \" data-aos=\"fade-left\" data-aos-easing=\"ease\" data-aos-duration=\"700\">El fabricante de suelos <a href=\"https:\/\/www.ajfloor.com\/es\/\" title=\"Inicio\">AJ FLOOR<\/a> SPC se encuentra en la <a href=\"https:\/\/en.wikipedia.org\/wiki\/Changzhou\" title=\"Ciudad de Changzhou\">ciudad de Changzhou<\/a>, provincia de Jiangsu, China. La empresa se fund\u00f3 en 2006. La f\u00e1brica utiliza las \u00faltimas tecnolog\u00edas y equipos de producci\u00f3n para fabricar suelos SPC de alta calidad. Se emplean tecnolog\u00eda y equipos alemanes, y la l\u00ednea de producci\u00f3n est\u00e1 equipada con un sistema de control automatizado para garantizar la calidad y estabilidad del producto. La f\u00e1brica tambi\u00e9n adopta tecnolog\u00eda avanzada de control de calidad y equipos de prueba para garantizar que cada producto cumple las normas y especificaciones.<\/div>\n<\/div>\n <\/div><\/div>\n\n<div id=\"gspb_row-id-gsbp-cfd0af0e-c9d1\" class=\"gspb_row gspb_row-id-gsbp-cfd0af0e-c9d1 wp-block-greenshift-blocks-row gspb_row-id-gsbp-cfd0af0e-c9d1\"><div class=\"gspb_row__content\"> \n<div id=\"gspb_col-id-gsbp-81d9af36-af26\" class=\"gspb_row__col--6 wp-block-greenshift-blocks-row-column  gspb_col-id-gsbp-81d9af36-af26\">\n<div id=\"gspb_text-id-gsbp-e542e6a1-843e\" class=\"gspb_text gspb_text-id-gsbp-e542e6a1-843e \" data-aos=\"fade-right\" data-aos-easing=\"ease\" data-aos-duration=\"700\">AJ FLOOR tiene una gran capacidad de producci\u00f3n para satisfacer las demandas de los clientes de todo el mundo. Como f\u00e1brica profesional de producci\u00f3n de suelos SPC, los productos de la f\u00e1brica son muy populares en el mercado debido a sus ventajas de alta resistencia, respeto al medio ambiente, impermeabilidad, resistencia al desgaste y f\u00e1cil instalaci\u00f3n. Tambi\u00e9n se puede elegir entre varios colores y dise\u00f1os.<\/div>\n<\/div>\n\n\n\n<div id=\"gspb_col-id-gsbp-25a91f2a-e1e1\" class=\"gspb_row__col--6 wp-block-greenshift-blocks-row-column  gspb_col-id-gsbp-25a91f2a-e1e1\">\n<iframe loading=\"lazy\" width=\"560\" height=\"315\" src=\"https:\/\/www.youtube.com\/embed\/NDO4irSpLEw\" title=\"Reproductor de v\u00eddeo de YouTube\" frameborder=\"0\" allow=\"accelerometer; autoplay; clipboard-write; encrypted-media; gyroscope; picture-in-picture; web-share\" allowfullscreen=\"\"><\/iframe>\n<\/div>\n <\/div><\/div>\n\n<div id=\"gspb_row-id-gsbp-b04216fe-34d8\" class=\"gspb_row gspb_row-id-gsbp-b04216fe-34d8 wp-block-greenshift-blocks-row alignfull gspb_row-id-gsbp-b04216fe-34d8\"><div class=\"gspb_row__content\"> \n<div id=\"gspb_col-id-gsbp-80e33137-81be\" class=\"gspb_row__col--6 wp-block-greenshift-blocks-row-column  gspb_col-id-gsbp-80e33137-81be\">\n<h2 id=\"gspb_heading-id-gsbp-373f39a9-81c7\" class=\"gspb_heading gspb_heading-id-gsbp-373f39a9-81c7 \" data-aos=\"fade-right\" data-aos-easing=\"ease\" data-aos-duration=\"700\">Control de calidad<\/h2>\n\n\n\n<div id=\"gspb_text-id-gsbp-320e6fae-65a5\" class=\"gspb_text gspb_text-id-gsbp-320e6fae-65a5 \" data-aos=\"fade-right\" data-aos-easing=\"ease\" data-aos-duration=\"700\">El sistema de control de calidad de AJ FLOOR incluye todo el proceso de control de calidad desde la adquisici\u00f3n de materia prima y la fabricaci\u00f3n hasta la inspecci\u00f3n del producto terminado. Su sistema de control de calidad se ajusta a la norma ISO9001 de sistemas de gesti\u00f3n de calidad. En concreto, AJFLOOR controla estrictamente la calidad de las materias primas y prueba cada lote de materias primas para garantizar que cumplen los requisitos de la empresa. En el proceso de fabricaci\u00f3n, la empresa adopta equipos y tecnolog\u00eda avanzados y, mediante la supervisi\u00f3n e inspecci\u00f3n de todo el proceso de producci\u00f3n, garantiza que la calidad de los productos cumpla las normas de la empresa. En el proceso de inspecci\u00f3n del producto acabado, el personal de control de calidad realizar\u00e1 m\u00faltiples inspecciones en cada lote de productos, incluidas inspecciones de aspecto, pruebas de rendimiento f\u00edsico, etc., para garantizar una calidad estable y fiable del producto.<\/div>\n<\/div>\n\n\n\n<div id=\"gspb_col-id-gsbp-fecd3290-2aa8\" class=\"gspb_row__col--6 wp-block-greenshift-blocks-row-column  gspb_col-id-gsbp-fecd3290-2aa8\">\n<div id=\"gspb_image-id-gsbp-637f8db1-1fa9\" class=\"gspb_image gspb_image-id-gsbp-637f8db1-1fa9 wp-block-greenshift-blocks-image\"><img decoding=\"async\" loading=\"lazy\" src=\"https:\/\/www.ajfloor.com\/wp-content\/uploads\/2023\/03\/%E8%AE%A4%E8%AF%812.jpg\" data-src=\"\" alt=\"\" width=\"1000\" height=\"1198\" data-aos=\"fade-left\" data-aos-easing=\"ease\" data-aos-duration=\"700\"><\/div>\n<\/div>\n <\/div><\/div>\n\n<div id=\"gspb_row-id-gsbp-313d331a-470a\" class=\"gspb_row gspb_row-id-gsbp-313d331a-470a wp-block-greenshift-blocks-row gspb_row-id-gsbp-313d331a-470a\"><div class=\"gspb_row__content\"> \n<div id=\"gspb_col-id-gsbp-40198eeb-06c7\" class=\"gspb_row__col--6 wp-block-greenshift-blocks-row-column  gspb_col-id-gsbp-40198eeb-06c7\">\n<div id=\"gspb_image-id-gsbp-1a7977b6-ded7\" class=\"gspb_image gspb_image-id-gsbp-1a7977b6-ded7 wp-block-greenshift-blocks-image\"><img decoding=\"async\" loading=\"lazy\" src=\"https:\/\/www.ajfloor.com\/wp-content\/uploads\/2023\/03\/img_20201224_150143_%E5%89%AF%E6%9C%AC.jpg\" data-src=\"\" alt=\"\" width=\"800\" height=\"600\" data-aos=\"fade-right\" data-aos-easing=\"ease\" data-aos-duration=\"700\"><\/div>\n<\/div>\n\n\n\n<div id=\"gspb_col-id-gsbp-0ce41971-d1f8\" class=\"gspb_row__col--6 wp-block-greenshift-blocks-row-column  gspb_col-id-gsbp-0ce41971-d1f8\">\n<div id=\"gspb_text-id-gsbp-8a372d90-b758\" class=\"gspb_text gspb_text-id-gsbp-8a372d90-b758 \" data-aos=\"fade-left\" data-aos-easing=\"ease\" data-aos-duration=\"700\">Adem\u00e1s, AJ FLOOR tambi\u00e9n mejora continuamente su sistema de control de calidad, introduce equipos y tecnolog\u00eda de prueba avanzados y mejora continuamente la precisi\u00f3n y eficiencia de las pruebas para garantizar la estabilidad y confiabilidad de la calidad del producto. En una palabra, el sistema de control de calidad de AJFLOOR permite a los clientes comprar sus productos con confianza y proporciona productos y servicios para suelos fiables y de alta calidad.<\/div>\n<\/div>\n <\/div><\/div>\n\n<div id=\"gspb_row-id-gsbp-e3172938-9881\" class=\"gspb_row gspb_row-id-gsbp-e3172938-9881 wp-block-greenshift-blocks-row gspb_row-id-gsbp-e3172938-9881\"><div class=\"gspb_row__content\"> \n<div id=\"gspb_col-id-gsbp-32727a58-b7a9\" class=\"gspb_row__col--12 wp-block-greenshift-blocks-row-column  gspb_col-id-gsbp-32727a58-b7a9\">\n<iframe loading=\"lazy\" width=\"1120\" height=\"630\" src=\"https:\/\/www.youtube.com\/embed\/7m2dU07WtaM\" title=\"Reproductor de v\u00eddeo de YouTube\" frameborder=\"0\" allow=\"accelerometer; autoplay; clipboard-write; encrypted-media; gyroscope; picture-in-picture; web-share\" allowfullscreen=\"\"><\/iframe>\n<\/div>\n <\/div><\/div>\n","protected":false},"excerpt":{"rendered":"","protected":false},"author":1,"featured_media":21075,"parent":0,"menu_order":0,"comment_status":"closed","ping_status":"closed","template":"","meta":{"_gspb_post_css":"#gspb_heading-id-gsbp-30f0a504-5d90,#gspb_heading-id-gsbp-30f0a504-5d90 .wp-block{font-size:2em;line-height:40px}@media (max-width:575.98px){#gspb_heading-id-gsbp-30f0a504-5d90,#gspb_heading-id-gsbp-30f0a504-5d90 .wp-block{font-size:1.6em}}#gspb_heading-id-gsbp-30f0a504-5d90,#gspb_heading-id-gsbp-30f0a504-5d90 .gsap-g-line,#gspb_heading-id-gsbp-30f0a504-5d90 .wp-block{text-align:center!important}#gspb_heading-id-gsbp-30f0a504-5d90,#gspb_heading-id-gsbp-30f0a504-5d90 .wp-block{font-weight:700!important;color:var(u002du002dpaletteColor4, #192a3d)}#gspb_heading-id-gsbp-30f0a504-5d90 .gspb_heading_subtitle,#gspb_subheading-id-gsbp-30f0a504-5d90{display:block;font-size:17px;margin-top:5px}#gspb_heading-id-gsbp-30f0a504-5d90 .gspb_heading_subtitle,#gspb_subheading-id-gsbp-30f0a504-5d90,#gspb_subheading-id-gsbp-30f0a504-5d90 .wp-block{line-height:25px;font-weight:400!important;color:#e4e4e4}#gspb_image-id-gsbp-5043c382-3152 img,.gspb_text-id-gsbp-86743c85-6c6a{transition-duration:.7s;transition-timing-function:ease;opacity:0;transition-property:opacity,transform}#gspb_image-id-gsbp-5043c382-3152 img{vertical-align:top;display:inline-block;transform:translate3d(-60px,0,0)}#gspb_image-id-gsbp-5043c382-3152 img.aos-animate,#gspb_image-id-gsbp-5043c382-3152 img[data-gs-aos],.gspb_text-id-gsbp-86743c85-6c6a.aos-animate,.gspb_text-id-gsbp-86743c85-6c6a[data-gs-aos],.gspb_text-id-gsbp-e542e6a1-843e.aos-animate,.gspb_text-id-gsbp-e542e6a1-843e[data-gs-aos]{opacity:1;transform:translateZ(0)}#gspb_col-id-gsbp-7dd08220-fc1a.gspb_row__col--6{width:50%}@media (max-width:575.98px){#gspb_col-id-gsbp-7dd08220-fc1a.gspb_row__col--6{width:100%}}.gspb_text-id-gsbp-86743c85-6c6a{transform:translate3d(60px,0,0)}#gspb_col-id-gsbp-f711d2c9-561a.gspb_row__col--6{width:50%}@media (max-width:575.98px){#gspb_col-id-gsbp-f711d2c9-561a.gspb_row__col--6{width:100%}}#gspb_row-id-gsbp-44e71b84-6224.gspb_row{justify-content:space-between;margin-top:0;margin-bottom:0;position:relative;display:flex;flex-wrap:wrap;align-content:center}#gspb_row-id-gsbp-44e71b84-6224.gspb_row>.gspb_row__content{display:flex;justify-content:space-between;margin:0 auto;width:100%;flex-wrap:wrap}#gspb_row-id-gsbp-313d331a-470a.gspb_row div[class^=gspb_row__col],#gspb_row-id-gsbp-44e71b84-6224.gspb_row div[class^=gspb_row__col],#gspb_row-id-gsbp-b04216fe-34d8.gspb_row div[class^=gspb_row__col],#gspb_row-id-gsbp-cfd0af0e-c9d1.gspb_row div[class^=gspb_row__col],#gspb_row-id-gsbp-e3172938-9881.gspb_row div[class^=gspb_row__col]{flex-direction:column;position:relative}#gspb_row-id-gsbp-44e71b84-6224.gspb_row .gspb_row__col--1,#gspb_row-id-gsbp-44e71b84-6224.gspb_row .gspb_row__col--10,#gspb_row-id-gsbp-44e71b84-6224.gspb_row .gspb_row__col--11,#gspb_row-id-gsbp-44e71b84-6224.gspb_row .gspb_row__col--12,#gspb_row-id-gsbp-44e71b84-6224.gspb_row .gspb_row__col--2,#gspb_row-id-gsbp-44e71b84-6224.gspb_row .gspb_row__col--24,#gspb_row-id-gsbp-44e71b84-6224.gspb_row .gspb_row__col--3,#gspb_row-id-gsbp-44e71b84-6224.gspb_row .gspb_row__col--4,#gspb_row-id-gsbp-44e71b84-6224.gspb_row .gspb_row__col--5,#gspb_row-id-gsbp-44e71b84-6224.gspb_row .gspb_row__col--6,#gspb_row-id-gsbp-44e71b84-6224.gspb_row .gspb_row__col--7,#gspb_row-id-gsbp-44e71b84-6224.gspb_row .gspb_row__col--8,#gspb_row-id-gsbp-44e71b84-6224.gspb_row .gspb_row__col--9{padding:15px min(3vw,20px);box-sizing:border-box}#gspb_row-id-gsbp-44e71b84-6224.gspb_row>.gspb_row__content{align-items:center}body.gspb-bodyfront #gspb_row-id-gsbp-44e71b84-6224.gspb_row>.gspb_row__content{width:var(--container-width, 1200px);max-width:var(--normal-container-max-width, 1200px)}#gspb_row-id-gsbp-44e71b84-6224.gspb_row,#gspb_row-id-gsbp-44e71b84-6224.gspb_row .gsap-g-line,#gspb_row-id-gsbp-44e71b84-6224.gspb_row .wp-block{text-align:left!important}#gspb_col-id-gsbp-81d9af36-af26.gspb_row__col--6{width:50%}@media (max-width:575.98px){#gspb_col-id-gsbp-81d9af36-af26.gspb_row__col--6{width:100%;order:2}}#gspb_col-id-gsbp-25a91f2a-e1e1.gspb_row__col--6{width:50%}@media (max-width:575.98px){#gspb_col-id-gsbp-25a91f2a-e1e1.gspb_row__col--6{width:100%;order:1}}#gspb_row-id-gsbp-cfd0af0e-c9d1.gspb_row{justify-content:space-between;margin-top:0;margin-bottom:0;position:relative;display:flex;flex-wrap:wrap;align-content:center}#gspb_row-id-gsbp-cfd0af0e-c9d1.gspb_row>.gspb_row__content{display:flex;justify-content:space-between;margin:0 auto;width:100%;flex-wrap:wrap}#gspb_row-id-gsbp-cfd0af0e-c9d1.gspb_row .gspb_row__col--1,#gspb_row-id-gsbp-cfd0af0e-c9d1.gspb_row .gspb_row__col--10,#gspb_row-id-gsbp-cfd0af0e-c9d1.gspb_row .gspb_row__col--11,#gspb_row-id-gsbp-cfd0af0e-c9d1.gspb_row .gspb_row__col--12,#gspb_row-id-gsbp-cfd0af0e-c9d1.gspb_row .gspb_row__col--2,#gspb_row-id-gsbp-cfd0af0e-c9d1.gspb_row .gspb_row__col--24,#gspb_row-id-gsbp-cfd0af0e-c9d1.gspb_row .gspb_row__col--3,#gspb_row-id-gsbp-cfd0af0e-c9d1.gspb_row .gspb_row__col--4,#gspb_row-id-gsbp-cfd0af0e-c9d1.gspb_row .gspb_row__col--5,#gspb_row-id-gsbp-cfd0af0e-c9d1.gspb_row .gspb_row__col--6,#gspb_row-id-gsbp-cfd0af0e-c9d1.gspb_row .gspb_row__col--7,#gspb_row-id-gsbp-cfd0af0e-c9d1.gspb_row .gspb_row__col--8,#gspb_row-id-gsbp-cfd0af0e-c9d1.gspb_row .gspb_row__col--9{padding:15px min(3vw,20px);box-sizing:border-box}#gspb_row-id-gsbp-cfd0af0e-c9d1.gspb_row>.gspb_row__content{align-items:center}#gspb_heading-id-gsbp-373f39a9-81c7,.gspb_text-id-gsbp-e542e6a1-843e{transition-duration:.7s;transition-timing-function:ease;opacity:0;transition-property:opacity,transform;transform:translate3d(-60px,0,0)}#gspb_heading-id-gsbp-373f39a9-81c7.aos-animate,#gspb_heading-id-gsbp-373f39a9-81c7[data-gs-aos],#gspb_image-id-gsbp-1a7977b6-ded7 img.aos-animate,#gspb_image-id-gsbp-1a7977b6-ded7 img[data-gs-aos],#gspb_image-id-gsbp-637f8db1-1fa9 img.aos-animate,#gspb_image-id-gsbp-637f8db1-1fa9 img[data-gs-aos],.gspb_text-id-gsbp-320e6fae-65a5.aos-animate,.gspb_text-id-gsbp-320e6fae-65a5[data-gs-aos],.gspb_text-id-gsbp-8a372d90-b758.aos-animate,.gspb_text-id-gsbp-8a372d90-b758[data-gs-aos]{opacity:1;transform:translateZ(0)}#gspb_heading-id-gsbp-373f39a9-81c7,#gspb_heading-id-gsbp-373f39a9-81c7 .wp-block{text-transform:uppercase;font-size:32px}.gspb_text-id-gsbp-320e6fae-65a5{transition-duration:.7s;transition-timing-function:ease;opacity:0;transition-property:opacity,transform;transform:translate3d(-60px,0,0)}#gspb_col-id-gsbp-80e33137-81be.gspb_row__col--6{width:50%}@media (max-width:575.98px){#gspb_col-id-gsbp-80e33137-81be.gspb_row__col--6{width:100%;order:2}}#gspb_image-id-gsbp-637f8db1-1fa9 img{vertical-align:top;display:inline-block;transform:translate3d(60px,0,0)}#gspb_col-id-gsbp-fecd3290-2aa8.gspb_row__col--6{width:50%}@media (max-width:575.98px){#gspb_col-id-gsbp-fecd3290-2aa8.gspb_row__col--6{width:100%;order:1}}#gspb_row-id-gsbp-b04216fe-34d8.gspb_row{justify-content:space-between;margin-bottom:0;position:relative;display:flex;flex-wrap:wrap;align-content:center;margin-top:80px;padding-top:50px;padding-bottom:50px;background-color:#e4e6d9}#gspb_row-id-gsbp-b04216fe-34d8.gspb_row>.gspb_row__content{display:flex;justify-content:space-between;margin:0 auto;width:100%;flex-wrap:wrap}#gspb_row-id-gsbp-b04216fe-34d8.gspb_row .gspb_row__col--1,#gspb_row-id-gsbp-b04216fe-34d8.gspb_row .gspb_row__col--10,#gspb_row-id-gsbp-b04216fe-34d8.gspb_row .gspb_row__col--11,#gspb_row-id-gsbp-b04216fe-34d8.gspb_row .gspb_row__col--12,#gspb_row-id-gsbp-b04216fe-34d8.gspb_row .gspb_row__col--2,#gspb_row-id-gsbp-b04216fe-34d8.gspb_row .gspb_row__col--24,#gspb_row-id-gsbp-b04216fe-34d8.gspb_row .gspb_row__col--3,#gspb_row-id-gsbp-b04216fe-34d8.gspb_row .gspb_row__col--4,#gspb_row-id-gsbp-b04216fe-34d8.gspb_row .gspb_row__col--5,#gspb_row-id-gsbp-b04216fe-34d8.gspb_row .gspb_row__col--6,#gspb_row-id-gsbp-b04216fe-34d8.gspb_row .gspb_row__col--7,#gspb_row-id-gsbp-b04216fe-34d8.gspb_row .gspb_row__col--8,#gspb_row-id-gsbp-b04216fe-34d8.gspb_row .gspb_row__col--9{padding:15px min(3vw,20px);box-sizing:border-box}#gspb_row-id-gsbp-b04216fe-34d8.gspb_row>.gspb_row__content{align-items:center}body.gspb-bodyfront #gspb_row-id-gsbp-b04216fe-34d8.gspb_row>.gspb_row__content,body.gspb-bodyfront #gspb_row-id-gsbp-cfd0af0e-c9d1.gspb_row>.gspb_row__content{width:var(--container-width, 1200px);max-width:var(--normal-container-max-width, 1200px)}#gspb_image-id-gsbp-1a7977b6-ded7 img,#gspb_image-id-gsbp-637f8db1-1fa9 img,.gspb_text-id-gsbp-8a372d90-b758{transition-duration:.7s;transition-timing-function:ease;opacity:0;transition-property:opacity,transform}#gspb_image-id-gsbp-1a7977b6-ded7 img{vertical-align:top;display:inline-block;transform:translate3d(-60px,0,0)}#gspb_col-id-gsbp-40198eeb-06c7.gspb_row__col--6{width:50%}@media (max-width:575.98px){#gspb_col-id-gsbp-40198eeb-06c7.gspb_row__col--6{width:100%}}.gspb_text-id-gsbp-8a372d90-b758{transform:translate3d(60px,0,0)}#gspb_col-id-gsbp-0ce41971-d1f8.gspb_row__col--6{width:50%}@media (max-width:575.98px){#gspb_col-id-gsbp-0ce41971-d1f8.gspb_row__col--6{width:100%}}#gspb_row-id-gsbp-313d331a-470a.gspb_row{justify-content:space-between;margin-top:0;margin-bottom:0;position:relative;display:flex;flex-wrap:wrap;align-content:center}#gspb_row-id-gsbp-313d331a-470a.gspb_row>.gspb_row__content{display:flex;justify-content:space-between;margin:0 auto;width:100%;flex-wrap:wrap}#gspb_row-id-gsbp-313d331a-470a.gspb_row .gspb_row__col--1,#gspb_row-id-gsbp-313d331a-470a.gspb_row .gspb_row__col--10,#gspb_row-id-gsbp-313d331a-470a.gspb_row .gspb_row__col--11,#gspb_row-id-gsbp-313d331a-470a.gspb_row .gspb_row__col--12,#gspb_row-id-gsbp-313d331a-470a.gspb_row .gspb_row__col--2,#gspb_row-id-gsbp-313d331a-470a.gspb_row .gspb_row__col--24,#gspb_row-id-gsbp-313d331a-470a.gspb_row .gspb_row__col--3,#gspb_row-id-gsbp-313d331a-470a.gspb_row .gspb_row__col--4,#gspb_row-id-gsbp-313d331a-470a.gspb_row .gspb_row__col--5,#gspb_row-id-gsbp-313d331a-470a.gspb_row .gspb_row__col--6,#gspb_row-id-gsbp-313d331a-470a.gspb_row .gspb_row__col--7,#gspb_row-id-gsbp-313d331a-470a.gspb_row .gspb_row__col--8,#gspb_row-id-gsbp-313d331a-470a.gspb_row .gspb_row__col--9{padding:15px min(3vw,20px);box-sizing:border-box}#gspb_row-id-gsbp-313d331a-470a.gspb_row>.gspb_row__content{align-items:center}#gspb_row-id-gsbp-313d331a-470a.gspb_row,#gspb_row-id-gsbp-313d331a-470a.gspb_row .gsap-g-line,#gspb_row-id-gsbp-313d331a-470a.gspb_row .wp-block{text-align:left!important}#gspb_col-id-gsbp-32727a58-b7a9.gspb_row__col--12{width:100%}@media (max-width:575.98px){#gspb_col-id-gsbp-32727a58-b7a9.gspb_row__col--12{width:100%;order:2}}#gspb_row-id-gsbp-e3172938-9881.gspb_row{justify-content:space-between;margin-top:0;margin-bottom:0;position:relative;display:flex;flex-wrap:wrap;align-content:center}#gspb_row-id-gsbp-e3172938-9881.gspb_row>.gspb_row__content{display:flex;justify-content:space-between;margin:0 auto;width:100%;flex-wrap:wrap}#gspb_row-id-gsbp-e3172938-9881.gspb_row .gspb_row__col--1,#gspb_row-id-gsbp-e3172938-9881.gspb_row .gspb_row__col--10,#gspb_row-id-gsbp-e3172938-9881.gspb_row .gspb_row__col--11,#gspb_row-id-gsbp-e3172938-9881.gspb_row .gspb_row__col--12,#gspb_row-id-gsbp-e3172938-9881.gspb_row .gspb_row__col--2,#gspb_row-id-gsbp-e3172938-9881.gspb_row .gspb_row__col--24,#gspb_row-id-gsbp-e3172938-9881.gspb_row .gspb_row__col--3,#gspb_row-id-gsbp-e3172938-9881.gspb_row .gspb_row__col--4,#gspb_row-id-gsbp-e3172938-9881.gspb_row .gspb_row__col--5,#gspb_row-id-gsbp-e3172938-9881.gspb_row .gspb_row__col--6,#gspb_row-id-gsbp-e3172938-9881.gspb_row .gspb_row__col--7,#gspb_row-id-gsbp-e3172938-9881.gspb_row .gspb_row__col--8,#gspb_row-id-gsbp-e3172938-9881.gspb_row .gspb_row__col--9{padding:15px min(3vw,20px);box-sizing:border-box}#gspb_row-id-gsbp-e3172938-9881.gspb_row>.gspb_row__content{align-items:center}body.gspb-bodyfront #gspb_row-id-gsbp-313d331a-470a.gspb_row>.gspb_row__content,body.gspb-bodyfront #gspb_row-id-gsbp-e3172938-9881.gspb_row>.gspb_row__content{width:var(--container-width, 1200px);max-width:var(--normal-container-max-width, 1200px)}"},"blocksy_meta":"","aioseo_notices":[],"_links":{"self":[{"href":"https:\/\/www.ajfloor.com\/es\/wp-json\/wp\/v2\/pages\/26973"}],"collection":[{"href":"https:\/\/www.ajfloor.com\/es\/wp-json\/wp\/v2\/pages"}],"about":[{"href":"https:\/\/www.ajfloor.com\/es\/wp-json\/wp\/v2\/types\/page"}],"author":[{"embeddable":true,"href":"https:\/\/www.ajfloor.com\/es\/wp-json\/wp\/v2\/users\/1"}],"replies":[{"embeddable":true,"href":"https:\/\/www.ajfloor.com\/es\/wp-json\/wp\/v2\/comments?post=26973"}],"version-history":[{"count":2,"href":"https:\/\/www.ajfloor.com\/es\/wp-json\/wp\/v2\/pages\/26973\/revisions"}],"predecessor-version":[{"id":30312,"href":"https:\/\/www.ajfloor.com\/es\/wp-json\/wp\/v2\/pages\/26973\/revisions\/30312"}],"wp:featuredmedia":[{"embeddable":true,"href":"https:\/\/www.ajfloor.com\/es\/wp-json\/wp\/v2\/media\/21075"}],"wp:attachment":[{"href":"https:\/\/www.ajfloor.com\/es\/wp-json\/wp\/v2\/media?parent=26973"}],"curies":[{"name":"wp","href":"https:\/\/api.w.org\/{rel}","templated":true}]}}