{"id":30245,"date":"2025-07-01T14:59:33","date_gmt":"2025-07-01T06:59:33","guid":{"rendered":"https:\/\/www.ajfloor.com\/pavimento-chevron-spc\/"},"modified":"2025-07-01T15:24:14","modified_gmt":"2025-07-01T07:24:14","slug":"pavimento-chevron-spc","status":"publish","type":"page","link":"https:\/\/www.ajfloor.com\/es\/pavimento-chevron-spc\/","title":{"rendered":"Pavimento Chevron SPC"},"content":{"rendered":"\n<p>Socios comerciales europeos, \u00a1tomen nota! Con 17 a\u00f1os de experiencia en suelos SPC, <a href=\"https:\/\/www.ajfloor.com\/es\/sobre-nosotros\/\" target=\"_blank\" rel=\"noopener\" title=\"Sobre nosotros\">AJ FLOOR<\/a> combina artesan\u00eda de vanguardia y calidad excepcional para presentar <strong>Chevron SPC Flooring<\/strong> &#8211; \u00a1donde el lujo cl\u00e1sico se encuentra con la innovaci\u00f3n moderna, creando obras maestras espaciales inolvidables! <\/p>\n\n<figure class=\"wp-block-image aligncenter size-large is-style-default\"><img decoding=\"async\" loading=\"lazy\" width=\"1024\" height=\"731\" src=\"https:\/\/www.ajfloor.com\/wp-content\/uploads\/2025\/07\/10054399-h_gld4ii_77d66fa2-6b9b-447b-b647-529febf58017-1024x731.webp\" alt=\"Pavimento Chevron SPC\" class=\"wp-image-30225\" srcset=\"https:\/\/www.ajfloor.com\/wp-content\/uploads\/2025\/07\/10054399-h_gld4ii_77d66fa2-6b9b-447b-b647-529febf58017-1024x731.webp 1024w, https:\/\/www.ajfloor.com\/wp-content\/uploads\/2025\/07\/10054399-h_gld4ii_77d66fa2-6b9b-447b-b647-529febf58017-300x214.webp 300w, https:\/\/www.ajfloor.com\/wp-content\/uploads\/2025\/07\/10054399-h_gld4ii_77d66fa2-6b9b-447b-b647-529febf58017-768x548.webp 768w, https:\/\/www.ajfloor.com\/wp-content\/uploads\/2025\/07\/10054399-h_gld4ii_77d66fa2-6b9b-447b-b647-529febf58017-600x428.webp 600w, https:\/\/www.ajfloor.com\/wp-content\/uploads\/2025\/07\/10054399-h_gld4ii_77d66fa2-6b9b-447b-b647-529febf58017.webp 1500w\" sizes=\"(max-width: 1024px) 100vw, 1024px\" \/><\/figure>\n<p>\u2705 <strong>Fest\u00edn visual art\u00edstico<\/strong><br\/>Con relieve sincronizado e impresi\u00f3n ultra HD, cada plancha reproduce con autenticidad las vetas naturales del roble y el nogal. La simetr\u00eda <strong>chevron<\/strong> crea una elegancia fluida, elevando instant\u00e1neamente cualquier espacio. Desde vest\u00edbulos de hoteles de lujo hasta tiendas boutique: \u00a1perfecto sin esfuerzo para todos los escenarios de alta gama!  <\/p>\n\n<figure class=\"wp-block-image aligncenter size-large\"><img decoding=\"async\" loading=\"lazy\" width=\"1024\" height=\"631\" src=\"https:\/\/www.ajfloor.com\/wp-content\/uploads\/2025\/07\/aojn_showroom_chevrongolv.jpg-1024x631.webp\" alt=\"\" class=\"wp-image-30229\" srcset=\"https:\/\/www.ajfloor.com\/wp-content\/uploads\/2025\/07\/aojn_showroom_chevrongolv.jpg-1024x631.webp 1024w, https:\/\/www.ajfloor.com\/wp-content\/uploads\/2025\/07\/aojn_showroom_chevrongolv.jpg-300x185.webp 300w, https:\/\/www.ajfloor.com\/wp-content\/uploads\/2025\/07\/aojn_showroom_chevrongolv.jpg-768x474.webp 768w, https:\/\/www.ajfloor.com\/wp-content\/uploads\/2025\/07\/aojn_showroom_chevrongolv.jpg-1536x947.webp 1536w, https:\/\/www.ajfloor.com\/wp-content\/uploads\/2025\/07\/aojn_showroom_chevrongolv.jpg-600x370.webp 600w, https:\/\/www.ajfloor.com\/wp-content\/uploads\/2025\/07\/aojn_showroom_chevrongolv.jpg.webp 1920w\" sizes=\"(max-width: 1024px) 100vw, 1024px\" \/><\/figure>\n<p>\u2705 <strong>Rendimiento insuperable l\u00edder en el sector<\/strong><\/p>\n\n<ul>\n<li><strong>Certificado ecol\u00f3gico:<\/strong> 100% materiales v\u00edrgenes, cero formaldeh\u00eddo, certificado CE &#8211; salvaguardando la salud y el medio ambiente.<\/li>\n\n\n\n<li><strong>Durabilidad extrema<\/strong>: El revestimiento UV reforzado resiste m\u00e1s de 10.000 ciclos de abrasi\u00f3n; el bloqueo Valinge 5G aumenta la antideformaci\u00f3n en un 200%, dise\u00f1ado para el tr\u00e1fico peatonal intenso.<\/li>\n\n\n\n<li><strong>Impermeable y resistente al moho<\/strong>: n\u00facleo 100% impermeable, ideal para cocinas, ba\u00f1os y zonas propensas a la humedad.<\/li>\n<\/ul>\n\n<figure class=\"wp-block-image aligncenter size-large\"><img decoding=\"async\" loading=\"lazy\" width=\"1024\" height=\"713\" src=\"https:\/\/www.ajfloor.com\/wp-content\/uploads\/2025\/07\/8124840-1024x713.jpg\" alt=\"\" class=\"wp-image-30233\"\/><\/figure>\n<p>\u2705 <strong>Fuerza de fabricaci\u00f3n inteligente, asociaci\u00f3n garantizada<\/strong><\/p>\n\n<ul>\n<li><strong>Entrega ultrarr\u00e1pida:<\/strong> capacidad anual de 5 millones de m\u00b2; los pedidos est\u00e1ndar se env\u00edan en 7 d\u00edas, las peticiones personalizadas en 25 d\u00edas.<\/li>\n\n\n\n<li><strong>Flexibilidad a medida:<\/strong> Personalizaci\u00f3n total de colores, texturas y dimensiones. Un equipo de dise\u00f1o especializado ofrece asistencia personalizada para adaptarse a la visi\u00f3n del proyecto. <\/li>\n\n\n\n<li><strong>Garant\u00eda sin preocupaciones: <\/strong>10 a\u00f1os de garant\u00eda comercial con formaci\u00f3n gratuita para la instalaci\u00f3n: \u00a1sin problemas de principio a fin!<\/li>\n<\/ul>\n","protected":false},"excerpt":{"rendered":"<p>Socios comerciales europeos, \u00a1tomen nota! Con 17 a\u00f1os de experiencia en suelos SPC, AJ FLOOR combina artesan\u00eda de vanguardia y calidad excepcional para presentar Chevron SPC Flooring &#8211; \u00a1donde el lujo cl\u00e1sico se encuentra con la innovaci\u00f3n moderna, creando obras maestras espaciales inolvidables! \u2705 Fest\u00edn visual art\u00edsticoCon relieve sincronizado e impresi\u00f3n ultra HD, cada plancha reproduce con autenticidad las vetas naturales del roble y el nogal. La simetr\u00eda chevron crea una elegancia fluida, elevando instant\u00e1neamente cualquier espacio. Desde vest\u00edbulos de hoteles de lujo hasta tiendas boutique: \u00a1perfecto sin esfuerzo para todos los escenarios de alta gama! \u2705 Rendimiento insuperable l\u00edder\u2026<\/p>\n","protected":false},"author":1,"featured_media":30240,"parent":0,"menu_order":0,"comment_status":"closed","ping_status":"closed","template":"","meta":{"_gspb_post_css":""},"blocksy_meta":"","aioseo_notices":[],"_links":{"self":[{"href":"https:\/\/www.ajfloor.com\/es\/wp-json\/wp\/v2\/pages\/30245"}],"collection":[{"href":"https:\/\/www.ajfloor.com\/es\/wp-json\/wp\/v2\/pages"}],"about":[{"href":"https:\/\/www.ajfloor.com\/es\/wp-json\/wp\/v2\/types\/page"}],"author":[{"embeddable":true,"href":"https:\/\/www.ajfloor.com\/es\/wp-json\/wp\/v2\/users\/1"}],"replies":[{"embeddable":true,"href":"https:\/\/www.ajfloor.com\/es\/wp-json\/wp\/v2\/comments?post=30245"}],"version-history":[{"count":1,"href":"https:\/\/www.ajfloor.com\/es\/wp-json\/wp\/v2\/pages\/30245\/revisions"}],"predecessor-version":[{"id":30246,"href":"https:\/\/www.ajfloor.com\/es\/wp-json\/wp\/v2\/pages\/30245\/revisions\/30246"}],"wp:featuredmedia":[{"embeddable":true,"href":"https:\/\/www.ajfloor.com\/es\/wp-json\/wp\/v2\/media\/30240"}],"wp:attachment":[{"href":"https:\/\/www.ajfloor.com\/es\/wp-json\/wp\/v2\/media?parent=30245"}],"curies":[{"name":"wp","href":"https:\/\/api.w.org\/{rel}","templated":true}]}}